{"id":140,"date":"2026-05-04T10:53:07","date_gmt":"2026-05-04T13:53:07","guid":{"rendered":"http:\/\/marok.com.br\/?page_id=140"},"modified":"2026-05-04T13:38:21","modified_gmt":"2026-05-04T16:38:21","slug":"qualidade-e-sso","status":"publish","type":"page","link":"http:\/\/marok.com.br\/index.php\/qualidade-e-sso\/","title":{"rendered":"QUALIDADE E SSO"},"content":{"rendered":"\n<p class=\"has-text-align-center\">POL\u00cdTICA DO SISTEMA DE GEST\u00c3O INTEGRADO \u2013 QUALIDADE E SSO<\/p>\n\n\n\n<p><\/p>\n\n\n\n<p>A <strong>Marok Engenharia<\/strong> atua na execu\u00e7\u00e3o de obras e servi\u00e7os de engenharia el\u00e9trica, oferecendo solu\u00e7\u00f5es seguras e de qualidade para seus clientes e demais partes interessadas.<\/p>\n\n\n\n<p>Nosso compromisso \u00e9 garantir que cada atividade seja realizada com responsabilidade, seguran\u00e7a e excel\u00eancia, sustentando os seguintes princ\u00edpios:<\/p>\n\n\n\n<ul class=\"wp-block-list\">\n<li>Proporcionar condi\u00e7\u00f5es de trabalho seguras e saud\u00e1veis, prevenindo les\u00f5es e doen\u00e7as ocupacionais;<\/li>\n\n\n\n<li>Identificar e eliminar perigos e reduzir riscos relacionados \u00e0 sa\u00fade e seguran\u00e7a no trabalho;<\/li>\n\n\n\n<li>Promover a consulta e participa\u00e7\u00e3o ativa dos trabalhadores, fortalecendo a cultura de preven\u00e7\u00e3o;<\/li>\n\n\n\n<li>Assegurar a satisfa\u00e7\u00e3o dos clientes, por meio da entrega de servi\u00e7os com qualidade e confiabilidade;<\/li>\n\n\n\n<li>Atender aos requisitos legais, normativos e outros aplic\u00e1veis ao nosso neg\u00f3cio;<\/li>\n\n\n\n<li>Fomentar a melhoria cont\u00ednua do Sistema de Gest\u00e3o Integrado.<\/li>\n<\/ul>\n\n\n\n<p class=\"has-text-align-right\">Revis\u00e3o 01<\/p>\n\n\n\n<p><\/p>\n","protected":false},"excerpt":{"rendered":"<p>POL\u00cdTICA DO SISTEMA DE GEST\u00c3O INTEGRADO \u2013 QUALIDADE E SSO A Marok Engenharia atua na execu\u00e7\u00e3o de obras e servi\u00e7os de engenharia el\u00e9trica, oferecendo solu\u00e7\u00f5es seguras e de qualidade para seus clientes e demais partes interessadas. Nosso compromisso \u00e9 garantir que cada atividade seja realizada com responsabilidade, seguran\u00e7a e excel\u00eancia, sustentando os seguintes princ\u00edpios: Revis\u00e3o [&hellip;]<\/p>\n","protected":false},"author":1,"featured_media":0,"parent":0,"menu_order":0,"comment_status":"closed","ping_status":"closed","template":"","meta":{"_joinchat":[],"footnotes":""},"class_list":["post-140","page","type-page","status-publish","hentry"],"yoast_head":"<!-- This site is optimized with the Yoast SEO plugin v25.7 - https:\/\/yoast.com\/wordpress\/plugins\/seo\/ -->\n<title>QUALIDADE E SSO - Grupo Marok<\/title>\n<meta name=\"robots\" content=\"index, follow, max-snippet:-1, max-image-preview:large, max-video-preview:-1\" \/>\n<link rel=\"canonical\" href=\"http:\/\/marok.com.br\/index.php\/qualidade-e-sso\/\" \/>\n<meta property=\"og:locale\" content=\"pt_BR\" \/>\n<meta property=\"og:type\" content=\"article\" \/>\n<meta property=\"og:title\" content=\"QUALIDADE E SSO - Grupo Marok\" \/>\n<meta property=\"og:description\" content=\"POL\u00cdTICA DO SISTEMA DE GEST\u00c3O INTEGRADO \u2013 QUALIDADE E SSO A Marok Engenharia atua na execu\u00e7\u00e3o de obras e servi\u00e7os de engenharia el\u00e9trica, oferecendo solu\u00e7\u00f5es seguras e de qualidade para seus clientes e demais partes interessadas. Nosso compromisso \u00e9 garantir que cada atividade seja realizada com responsabilidade, seguran\u00e7a e excel\u00eancia, sustentando os seguintes princ\u00edpios: Revis\u00e3o [&hellip;]\" \/>\n<meta property=\"og:url\" content=\"http:\/\/marok.com.br\/index.php\/qualidade-e-sso\/\" \/>\n<meta property=\"og:site_name\" content=\"Grupo Marok\" \/>\n<meta property=\"article:modified_time\" content=\"2026-05-04T16:38:21+00:00\" \/>\n<meta name=\"twitter:card\" content=\"summary_large_image\" \/>\n<meta name=\"twitter:label1\" content=\"Est. tempo de leitura\" \/>\n\t<meta name=\"twitter:data1\" content=\"1 minuto\" \/>\n<script type=\"application\/ld+json\" class=\"yoast-schema-graph\">{\"@context\":\"https:\/\/schema.org\",\"@graph\":[{\"@type\":\"WebPage\",\"@id\":\"http:\/\/marok.com.br\/index.php\/qualidade-e-sso\/\",\"url\":\"http:\/\/marok.com.br\/index.php\/qualidade-e-sso\/\",\"name\":\"QUALIDADE E SSO - Grupo Marok\",\"isPartOf\":{\"@id\":\"https:\/\/marok.com.br\/#website\"},\"datePublished\":\"2026-05-04T13:53:07+00:00\",\"dateModified\":\"2026-05-04T16:38:21+00:00\",\"breadcrumb\":{\"@id\":\"http:\/\/marok.com.br\/index.php\/qualidade-e-sso\/#breadcrumb\"},\"inLanguage\":\"pt-BR\",\"potentialAction\":[{\"@type\":\"ReadAction\",\"target\":[\"http:\/\/marok.com.br\/index.php\/qualidade-e-sso\/\"]}]},{\"@type\":\"BreadcrumbList\",\"@id\":\"http:\/\/marok.com.br\/index.php\/qualidade-e-sso\/#breadcrumb\",\"itemListElement\":[{\"@type\":\"ListItem\",\"position\":1,\"name\":\"Home\",\"item\":\"https:\/\/marok.com.br\/\"},{\"@type\":\"ListItem\",\"position\":2,\"name\":\"QUALIDADE E SSO\"}]},{\"@type\":\"WebSite\",\"@id\":\"https:\/\/marok.com.br\/#website\",\"url\":\"https:\/\/marok.com.br\/\",\"name\":\"Grupo Marok\",\"description\":\"\",\"publisher\":{\"@id\":\"https:\/\/marok.com.br\/#organization\"},\"potentialAction\":[{\"@type\":\"SearchAction\",\"target\":{\"@type\":\"EntryPoint\",\"urlTemplate\":\"https:\/\/marok.com.br\/?s={search_term_string}\"},\"query-input\":{\"@type\":\"PropertyValueSpecification\",\"valueRequired\":true,\"valueName\":\"search_term_string\"}}],\"inLanguage\":\"pt-BR\"},{\"@type\":\"Organization\",\"@id\":\"https:\/\/marok.com.br\/#organization\",\"name\":\"Grupo Marok\",\"url\":\"https:\/\/marok.com.br\/\",\"logo\":{\"@type\":\"ImageObject\",\"inLanguage\":\"pt-BR\",\"@id\":\"https:\/\/marok.com.br\/#\/schema\/logo\/image\/\",\"url\":\"http:\/\/marok.com.br\/wp-content\/uploads\/2025\/08\/LOGO-GRUPO-MAROK-scaled.png\",\"contentUrl\":\"http:\/\/marok.com.br\/wp-content\/uploads\/2025\/08\/LOGO-GRUPO-MAROK-scaled.png\",\"width\":2560,\"height\":1440,\"caption\":\"Grupo Marok\"},\"image\":{\"@id\":\"https:\/\/marok.com.br\/#\/schema\/logo\/image\/\"}}]}<\/script>\n<!-- \/ Yoast SEO plugin. -->","yoast_head_json":{"title":"QUALIDADE E SSO - Grupo Marok","robots":{"index":"index","follow":"follow","max-snippet":"max-snippet:-1","max-image-preview":"max-image-preview:large","max-video-preview":"max-video-preview:-1"},"canonical":"http:\/\/marok.com.br\/index.php\/qualidade-e-sso\/","og_locale":"pt_BR","og_type":"article","og_title":"QUALIDADE E SSO - Grupo Marok","og_description":"POL\u00cdTICA DO SISTEMA DE GEST\u00c3O INTEGRADO \u2013 QUALIDADE E SSO A Marok Engenharia atua na execu\u00e7\u00e3o de obras e servi\u00e7os de engenharia el\u00e9trica, oferecendo solu\u00e7\u00f5es seguras e de qualidade para seus clientes e demais partes interessadas. Nosso compromisso \u00e9 garantir que cada atividade seja realizada com responsabilidade, seguran\u00e7a e excel\u00eancia, sustentando os seguintes princ\u00edpios: Revis\u00e3o [&hellip;]","og_url":"http:\/\/marok.com.br\/index.php\/qualidade-e-sso\/","og_site_name":"Grupo Marok","article_modified_time":"2026-05-04T16:38:21+00:00","twitter_card":"summary_large_image","twitter_misc":{"Est. tempo de leitura":"1 minuto"},"schema":{"@context":"https:\/\/schema.org","@graph":[{"@type":"WebPage","@id":"http:\/\/marok.com.br\/index.php\/qualidade-e-sso\/","url":"http:\/\/marok.com.br\/index.php\/qualidade-e-sso\/","name":"QUALIDADE E SSO - Grupo Marok","isPartOf":{"@id":"https:\/\/marok.com.br\/#website"},"datePublished":"2026-05-04T13:53:07+00:00","dateModified":"2026-05-04T16:38:21+00:00","breadcrumb":{"@id":"http:\/\/marok.com.br\/index.php\/qualidade-e-sso\/#breadcrumb"},"inLanguage":"pt-BR","potentialAction":[{"@type":"ReadAction","target":["http:\/\/marok.com.br\/index.php\/qualidade-e-sso\/"]}]},{"@type":"BreadcrumbList","@id":"http:\/\/marok.com.br\/index.php\/qualidade-e-sso\/#breadcrumb","itemListElement":[{"@type":"ListItem","position":1,"name":"Home","item":"https:\/\/marok.com.br\/"},{"@type":"ListItem","position":2,"name":"QUALIDADE E SSO"}]},{"@type":"WebSite","@id":"https:\/\/marok.com.br\/#website","url":"https:\/\/marok.com.br\/","name":"Grupo Marok","description":"","publisher":{"@id":"https:\/\/marok.com.br\/#organization"},"potentialAction":[{"@type":"SearchAction","target":{"@type":"EntryPoint","urlTemplate":"https:\/\/marok.com.br\/?s={search_term_string}"},"query-input":{"@type":"PropertyValueSpecification","valueRequired":true,"valueName":"search_term_string"}}],"inLanguage":"pt-BR"},{"@type":"Organization","@id":"https:\/\/marok.com.br\/#organization","name":"Grupo Marok","url":"https:\/\/marok.com.br\/","logo":{"@type":"ImageObject","inLanguage":"pt-BR","@id":"https:\/\/marok.com.br\/#\/schema\/logo\/image\/","url":"http:\/\/marok.com.br\/wp-content\/uploads\/2025\/08\/LOGO-GRUPO-MAROK-scaled.png","contentUrl":"http:\/\/marok.com.br\/wp-content\/uploads\/2025\/08\/LOGO-GRUPO-MAROK-scaled.png","width":2560,"height":1440,"caption":"Grupo Marok"},"image":{"@id":"https:\/\/marok.com.br\/#\/schema\/logo\/image\/"}}]}},"_links":{"self":[{"href":"http:\/\/marok.com.br\/index.php\/wp-json\/wp\/v2\/pages\/140","targetHints":{"allow":["GET"]}}],"collection":[{"href":"http:\/\/marok.com.br\/index.php\/wp-json\/wp\/v2\/pages"}],"about":[{"href":"http:\/\/marok.com.br\/index.php\/wp-json\/wp\/v2\/types\/page"}],"author":[{"embeddable":true,"href":"http:\/\/marok.com.br\/index.php\/wp-json\/wp\/v2\/users\/1"}],"replies":[{"embeddable":true,"href":"http:\/\/marok.com.br\/index.php\/wp-json\/wp\/v2\/comments?post=140"}],"version-history":[{"count":4,"href":"http:\/\/marok.com.br\/index.php\/wp-json\/wp\/v2\/pages\/140\/revisions"}],"predecessor-version":[{"id":145,"href":"http:\/\/marok.com.br\/index.php\/wp-json\/wp\/v2\/pages\/140\/revisions\/145"}],"wp:attachment":[{"href":"http:\/\/marok.com.br\/index.php\/wp-json\/wp\/v2\/media?parent=140"}],"curies":[{"name":"wp","href":"https:\/\/api.w.org\/{rel}","templated":true}]}}