{"id":125,"date":"2025-08-25T14:02:24","date_gmt":"2025-08-25T17:02:24","guid":{"rendered":"https:\/\/marok.com.br\/?page_id=125"},"modified":"2025-08-25T14:20:59","modified_gmt":"2025-08-25T17:20:59","slug":"nossos-negocios","status":"publish","type":"page","link":"https:\/\/marok.com.br\/index.php\/nossos-negocios\/","title":{"rendered":"Nossos Neg\u00f3cios"},"content":{"rendered":"\n<h3 class=\"wp-block-heading\">MAROK \u2013 Engenharia e Constru\u00e7\u00e3o<\/h3>\n\n\n\n<h4 class=\"wp-block-heading\">Execu\u00e7\u00e3o de obras e manuten\u00e7\u00f5es.<\/h4>\n\n\n\n<p><em><strong>Atividades:<\/strong><\/em><br>\u2022 Manuten\u00e7\u00e3o e Montagem em sistemas el\u00e9tricos de Alta, M\u00e9dia e Baixa Tens\u00e3o para O&amp;M.<br>\u2022 Manuten\u00e7\u00f5es Mec\u00e2nicas em Turbinas, Geradores, Equipamentos Hidromec\u00e2nicos e de Equipamentos de Levantamento de cargas.<br>\u2022 Montagem Mec\u00e2nica, Montagem de Tubula\u00e7\u00e3o Industrial e Estruturas Met\u00e1licas.<br>\u2022 CFTV (Circuito fechado de Televis\u00e3o) e Alarmes;<br>\u2022 Instala\u00e7\u00e3o El\u00e9trica Predial.<br>\u2022 Constru\u00e7\u00f5es de obras civis (pr\u00e9dios e escolas).<br>\u2022 Desmobiliza\u00e7\u00e3o e montagem de Subesta\u00e7\u00e3o.<\/p>\n\n\n\n<p><\/p>\n\n\n\n<h3 class=\"wp-block-heading\">MAROK \u2013 Loja de Materiais El\u00e9tricos<\/h3>\n\n\n\n<h4 class=\"wp-block-heading\">\u201cNossa Energia Trabalhando por Voc\u00ea\u201d<\/h4>\n\n\n\n<p><strong>Atividades:<\/strong><br>\u2022 Materiais El\u00e9tricos de Baixa, M\u00e9dia e Alta<br>tens\u00e3o;<br>\u2022 Automa\u00e7\u00e3o Industrial;<br>\u2022 Ferramentas el\u00e9tricas e manuais;<br>\u2022 Instrumentos de Medi\u00e7\u00e3o e Precis\u00e3o;<br>\u2022 Loca\u00e7\u00e3o de Equipamento e Geradores de<br>energia;<br>\u2022 Fabrica\u00e7\u00e3o e Montagem de Quadros e Pain\u00e9is.<br>\u2022 Venda de equipamentos e sistemas de CFTV;<br>\u2022 Venda e instala\u00e7\u00e3o de Equipamentos para<br>Energia Solar;<br>\u2022 Consultoria e apoio t\u00e9cnico para a sua obra;<\/p>\n\n\n\n<h3 class=\"wp-block-heading\">MAROK ENERGIA \u2013 Energia e Transmiss\u00e3o<\/h3>\n\n\n\n<h4 class=\"wp-block-heading\">Execu\u00e7\u00e3o de obras e manuten\u00e7\u00f5es.<\/h4>\n\n\n\n<p><strong>Hist\u00f3rico:<\/strong><br>\u2022 Empresa formada em 2018;<br>\u2022 Investimentos em projetos de gera\u00e7\u00e3o de energia em fontes renov\u00e1veis (h\u00eddrica e solar);<br>\u2022 Prospec\u00e7\u00e3o, desenvolvimento de projeto,constru\u00e7\u00e3o e montagem, comercializa\u00e7\u00e3o e O&amp;M;<br>\u2022 Parceria com a Universidade Federal de Itajub\u00e1 \u2013 MG;<br>\u2022 Focada em gera\u00e7\u00e3o distribu\u00edda no modelo de cooperativa \u2013 Resolu\u00e7\u00e3o ANEEL 687\/2015;<\/p>\n\n\n\n<h3 class=\"wp-block-heading\">Marok \u2013 Centro Automotivo<\/h3>\n\n\n\n<h4 class=\"wp-block-heading\">\u201cUma loja nova com 30 anos de experi\u00eancia\u201d<\/h4>\n\n\n\n<p>Atividades:<br>\u2022 Manuten\u00e7\u00e3o el\u00e9trica e mec\u00e2nica em ve\u00edculos<br>automotivos;<br>\u2022 Alinhamento;<br>\u2022 Balanceamento;<br>\u2022 Troca de \u00f3leo e filtros;<br>\u2022 Suspens\u00e3o e Amortecedores;<br>\u2022 Atendendo ve\u00edculos de empresas parceiras e<br>consumidores da regi\u00e3o;<\/p>\n\n\n\n<h3 class=\"wp-block-heading\">Marok \u2013 Locadora de Ve\u00edculos<\/h3>\n\n\n\n<h4 class=\"wp-block-heading\">&#8220;Sua mobilidade com conforto e confian\u00e7a.&#8221;<\/h4>\n\n\n\n<p>Atividades:<br>\u2022Loca\u00e7\u00e3o de Ve\u00edculos Leves e Pesados;<\/p>\n\n\n\n<h3 class=\"wp-block-heading\">Marok \u2013 Locadora de Geradores<\/h3>\n\n\n\n<h4 class=\"wp-block-heading\">\u201cFor\u00e7a garantida para o seu neg\u00f3cio.\u201d<\/h4>\n\n\n\n<p>Atividades:<br>\u2022Loca\u00e7\u00e3o de geradores DE 55 A 500KVA.<\/p>\n\n\n\n<p>\u2022Instala\u00e7\u00e3o, manuten\u00e7\u00e3o de grupos geradores a diesel.<\/p>\n","protected":false},"excerpt":{"rendered":"<p>MAROK \u2013 Engenharia e Constru\u00e7\u00e3o Execu\u00e7\u00e3o de obras e manuten\u00e7\u00f5es. Atividades:\u2022 Manuten\u00e7\u00e3o e Montagem em sistemas el\u00e9tricos de Alta, M\u00e9dia e Baixa Tens\u00e3o para O&amp;M.\u2022 Manuten\u00e7\u00f5es Mec\u00e2nicas em Turbinas, Geradores, Equipamentos Hidromec\u00e2nicos e de Equipamentos de Levantamento de cargas.\u2022 Montagem Mec\u00e2nica, Montagem de Tubula\u00e7\u00e3o Industrial e Estruturas Met\u00e1licas.\u2022 CFTV (Circuito fechado de Televis\u00e3o) e Alarmes;\u2022 [&hellip;]<\/p>\n","protected":false},"author":1,"featured_media":0,"parent":0,"menu_order":0,"comment_status":"closed","ping_status":"closed","template":"","meta":{"_joinchat":[],"footnotes":""},"class_list":["post-125","page","type-page","status-publish","hentry"],"yoast_head":"<!-- This site is optimized with the Yoast SEO plugin v25.7 - https:\/\/yoast.com\/wordpress\/plugins\/seo\/ -->\n<title>Nossos Neg\u00f3cios - Grupo Marok<\/title>\n<meta name=\"robots\" content=\"index, follow, max-snippet:-1, max-image-preview:large, max-video-preview:-1\" \/>\n<link rel=\"canonical\" href=\"https:\/\/marok.com.br\/index.php\/nossos-negocios\/\" \/>\n<meta property=\"og:locale\" content=\"pt_BR\" \/>\n<meta property=\"og:type\" content=\"article\" \/>\n<meta property=\"og:title\" content=\"Nossos Neg\u00f3cios - Grupo Marok\" \/>\n<meta property=\"og:description\" content=\"MAROK \u2013 Engenharia e Constru\u00e7\u00e3o Execu\u00e7\u00e3o de obras e manuten\u00e7\u00f5es. Atividades:\u2022 Manuten\u00e7\u00e3o e Montagem em sistemas el\u00e9tricos de Alta, M\u00e9dia e Baixa Tens\u00e3o para O&amp;M.\u2022 Manuten\u00e7\u00f5es Mec\u00e2nicas em Turbinas, Geradores, Equipamentos Hidromec\u00e2nicos e de Equipamentos de Levantamento de cargas.\u2022 Montagem Mec\u00e2nica, Montagem de Tubula\u00e7\u00e3o Industrial e Estruturas Met\u00e1licas.\u2022 CFTV (Circuito fechado de Televis\u00e3o) e Alarmes;\u2022 [&hellip;]\" \/>\n<meta property=\"og:url\" content=\"https:\/\/marok.com.br\/index.php\/nossos-negocios\/\" \/>\n<meta property=\"og:site_name\" content=\"Grupo Marok\" \/>\n<meta property=\"article:modified_time\" content=\"2025-08-25T17:20:59+00:00\" \/>\n<meta name=\"twitter:card\" content=\"summary_large_image\" \/>\n<meta name=\"twitter:label1\" content=\"Est. tempo de leitura\" \/>\n\t<meta name=\"twitter:data1\" content=\"2 minutos\" \/>\n<script type=\"application\/ld+json\" class=\"yoast-schema-graph\">{\"@context\":\"https:\/\/schema.org\",\"@graph\":[{\"@type\":\"WebPage\",\"@id\":\"https:\/\/marok.com.br\/index.php\/nossos-negocios\/\",\"url\":\"https:\/\/marok.com.br\/index.php\/nossos-negocios\/\",\"name\":\"Nossos Neg\u00f3cios - Grupo Marok\",\"isPartOf\":{\"@id\":\"https:\/\/marok.com.br\/#website\"},\"datePublished\":\"2025-08-25T17:02:24+00:00\",\"dateModified\":\"2025-08-25T17:20:59+00:00\",\"breadcrumb\":{\"@id\":\"https:\/\/marok.com.br\/index.php\/nossos-negocios\/#breadcrumb\"},\"inLanguage\":\"pt-BR\",\"potentialAction\":[{\"@type\":\"ReadAction\",\"target\":[\"https:\/\/marok.com.br\/index.php\/nossos-negocios\/\"]}]},{\"@type\":\"BreadcrumbList\",\"@id\":\"https:\/\/marok.com.br\/index.php\/nossos-negocios\/#breadcrumb\",\"itemListElement\":[{\"@type\":\"ListItem\",\"position\":1,\"name\":\"Home\",\"item\":\"https:\/\/marok.com.br\/\"},{\"@type\":\"ListItem\",\"position\":2,\"name\":\"Nossos Neg\u00f3cios\"}]},{\"@type\":\"WebSite\",\"@id\":\"https:\/\/marok.com.br\/#website\",\"url\":\"https:\/\/marok.com.br\/\",\"name\":\"Grupo Marok\",\"description\":\"\",\"publisher\":{\"@id\":\"https:\/\/marok.com.br\/#organization\"},\"potentialAction\":[{\"@type\":\"SearchAction\",\"target\":{\"@type\":\"EntryPoint\",\"urlTemplate\":\"https:\/\/marok.com.br\/?s={search_term_string}\"},\"query-input\":{\"@type\":\"PropertyValueSpecification\",\"valueRequired\":true,\"valueName\":\"search_term_string\"}}],\"inLanguage\":\"pt-BR\"},{\"@type\":\"Organization\",\"@id\":\"https:\/\/marok.com.br\/#organization\",\"name\":\"Grupo Marok\",\"url\":\"https:\/\/marok.com.br\/\",\"logo\":{\"@type\":\"ImageObject\",\"inLanguage\":\"pt-BR\",\"@id\":\"https:\/\/marok.com.br\/#\/schema\/logo\/image\/\",\"url\":\"https:\/\/marok.com.br\/wp-content\/uploads\/2025\/08\/LOGO-GRUPO-MAROK-scaled.png\",\"contentUrl\":\"https:\/\/marok.com.br\/wp-content\/uploads\/2025\/08\/LOGO-GRUPO-MAROK-scaled.png\",\"width\":2560,\"height\":1440,\"caption\":\"Grupo Marok\"},\"image\":{\"@id\":\"https:\/\/marok.com.br\/#\/schema\/logo\/image\/\"}}]}<\/script>\n<!-- \/ Yoast SEO plugin. -->","yoast_head_json":{"title":"Nossos Neg\u00f3cios - Grupo Marok","robots":{"index":"index","follow":"follow","max-snippet":"max-snippet:-1","max-image-preview":"max-image-preview:large","max-video-preview":"max-video-preview:-1"},"canonical":"https:\/\/marok.com.br\/index.php\/nossos-negocios\/","og_locale":"pt_BR","og_type":"article","og_title":"Nossos Neg\u00f3cios - Grupo Marok","og_description":"MAROK \u2013 Engenharia e Constru\u00e7\u00e3o Execu\u00e7\u00e3o de obras e manuten\u00e7\u00f5es. Atividades:\u2022 Manuten\u00e7\u00e3o e Montagem em sistemas el\u00e9tricos de Alta, M\u00e9dia e Baixa Tens\u00e3o para O&amp;M.\u2022 Manuten\u00e7\u00f5es Mec\u00e2nicas em Turbinas, Geradores, Equipamentos Hidromec\u00e2nicos e de Equipamentos de Levantamento de cargas.\u2022 Montagem Mec\u00e2nica, Montagem de Tubula\u00e7\u00e3o Industrial e Estruturas Met\u00e1licas.\u2022 CFTV (Circuito fechado de Televis\u00e3o) e Alarmes;\u2022 [&hellip;]","og_url":"https:\/\/marok.com.br\/index.php\/nossos-negocios\/","og_site_name":"Grupo Marok","article_modified_time":"2025-08-25T17:20:59+00:00","twitter_card":"summary_large_image","twitter_misc":{"Est. tempo de leitura":"2 minutos"},"schema":{"@context":"https:\/\/schema.org","@graph":[{"@type":"WebPage","@id":"https:\/\/marok.com.br\/index.php\/nossos-negocios\/","url":"https:\/\/marok.com.br\/index.php\/nossos-negocios\/","name":"Nossos Neg\u00f3cios - Grupo Marok","isPartOf":{"@id":"https:\/\/marok.com.br\/#website"},"datePublished":"2025-08-25T17:02:24+00:00","dateModified":"2025-08-25T17:20:59+00:00","breadcrumb":{"@id":"https:\/\/marok.com.br\/index.php\/nossos-negocios\/#breadcrumb"},"inLanguage":"pt-BR","potentialAction":[{"@type":"ReadAction","target":["https:\/\/marok.com.br\/index.php\/nossos-negocios\/"]}]},{"@type":"BreadcrumbList","@id":"https:\/\/marok.com.br\/index.php\/nossos-negocios\/#breadcrumb","itemListElement":[{"@type":"ListItem","position":1,"name":"Home","item":"https:\/\/marok.com.br\/"},{"@type":"ListItem","position":2,"name":"Nossos Neg\u00f3cios"}]},{"@type":"WebSite","@id":"https:\/\/marok.com.br\/#website","url":"https:\/\/marok.com.br\/","name":"Grupo Marok","description":"","publisher":{"@id":"https:\/\/marok.com.br\/#organization"},"potentialAction":[{"@type":"SearchAction","target":{"@type":"EntryPoint","urlTemplate":"https:\/\/marok.com.br\/?s={search_term_string}"},"query-input":{"@type":"PropertyValueSpecification","valueRequired":true,"valueName":"search_term_string"}}],"inLanguage":"pt-BR"},{"@type":"Organization","@id":"https:\/\/marok.com.br\/#organization","name":"Grupo Marok","url":"https:\/\/marok.com.br\/","logo":{"@type":"ImageObject","inLanguage":"pt-BR","@id":"https:\/\/marok.com.br\/#\/schema\/logo\/image\/","url":"https:\/\/marok.com.br\/wp-content\/uploads\/2025\/08\/LOGO-GRUPO-MAROK-scaled.png","contentUrl":"https:\/\/marok.com.br\/wp-content\/uploads\/2025\/08\/LOGO-GRUPO-MAROK-scaled.png","width":2560,"height":1440,"caption":"Grupo Marok"},"image":{"@id":"https:\/\/marok.com.br\/#\/schema\/logo\/image\/"}}]}},"_links":{"self":[{"href":"https:\/\/marok.com.br\/index.php\/wp-json\/wp\/v2\/pages\/125","targetHints":{"allow":["GET"]}}],"collection":[{"href":"https:\/\/marok.com.br\/index.php\/wp-json\/wp\/v2\/pages"}],"about":[{"href":"https:\/\/marok.com.br\/index.php\/wp-json\/wp\/v2\/types\/page"}],"author":[{"embeddable":true,"href":"https:\/\/marok.com.br\/index.php\/wp-json\/wp\/v2\/users\/1"}],"replies":[{"embeddable":true,"href":"https:\/\/marok.com.br\/index.php\/wp-json\/wp\/v2\/comments?post=125"}],"version-history":[{"count":4,"href":"https:\/\/marok.com.br\/index.php\/wp-json\/wp\/v2\/pages\/125\/revisions"}],"predecessor-version":[{"id":131,"href":"https:\/\/marok.com.br\/index.php\/wp-json\/wp\/v2\/pages\/125\/revisions\/131"}],"wp:attachment":[{"href":"https:\/\/marok.com.br\/index.php\/wp-json\/wp\/v2\/media?parent=125"}],"curies":[{"name":"wp","href":"https:\/\/api.w.org\/{rel}","templated":true}]}}